{"id":4521,"date":"2025-11-09T10:24:41","date_gmt":"2025-11-09T10:24:41","guid":{"rendered":"https:\/\/agrivana.market\/?post_type=product&#038;p=4521"},"modified":"2025-11-09T10:35:03","modified_gmt":"2025-11-09T10:35:03","slug":"test-product","status":"publish","type":"product","link":"https:\/\/loyalfans.site\/fr\/produit\/test-product\/","title":{"rendered":"Produit d'essai"},"content":{"rendered":"<p><strong>Lorem Ipsum<\/strong>\u00a0est tout simplement le texte factice de l'industrie de l'imprimerie et de la composition. Le Lorem Ipsum est le texte factice standard de l'industrie depuis les ann\u00e9es 1500, lorsqu'un imprimeur inconnu a pris une gal\u00e8re de caract\u00e8res et l'a brouill\u00e9e pour en faire un livre de sp\u00e9cimens de caract\u00e8res. Il a surv\u00e9cu non seulement \u00e0 cinq si\u00e8cles, mais aussi au bond en avant de l'imprimerie.<\/p>","protected":false},"excerpt":{"rendered":"<p><strong>Lorem Ipsum<\/strong>\u00a0est tout simplement le texte factice de l'industrie de l'imprimerie et de la composition. Le Lorem Ipsum est le texte factice standard de l'industrie depuis les ann\u00e9es 1500, lorsqu'un imprimeur inconnu a pris une gal\u00e8re de caract\u00e8res et l'a brouill\u00e9e pour en faire un livre de sp\u00e9cimens de caract\u00e8res. Il a surv\u00e9cu non seulement \u00e0 cinq si\u00e8cles, mais aussi au bond en avant de l'imprimerie.<\/p>","protected":false},"featured_media":4523,"comment_status":"open","ping_status":"closed","template":"","meta":[],"product_brand":[],"product_cat":[403,360],"product_tag":[],"class_list":{"0":"post-4521","1":"product","2":"type-product","3":"status-publish","4":"has-post-thumbnail","6":"product_cat-drip-irrigation","7":"product_cat-irrigation-water-management","8":"product_shipping_class-shipping-within-3-days","10":"first","11":"instock","12":"sale","13":"shipping-taxable","14":"purchasable","15":"product-type-simple"},"_links":{"self":[{"href":"https:\/\/loyalfans.site\/fr\/wp-json\/wp\/v2\/product\/4521","targetHints":{"allow":["GET"]}}],"collection":[{"href":"https:\/\/loyalfans.site\/fr\/wp-json\/wp\/v2\/product"}],"about":[{"href":"https:\/\/loyalfans.site\/fr\/wp-json\/wp\/v2\/types\/product"}],"replies":[{"embeddable":true,"href":"https:\/\/loyalfans.site\/fr\/wp-json\/wp\/v2\/comments?post=4521"}],"version-history":[{"count":1,"href":"https:\/\/loyalfans.site\/fr\/wp-json\/wp\/v2\/product\/4521\/revisions"}],"predecessor-version":[{"id":4524,"href":"https:\/\/loyalfans.site\/fr\/wp-json\/wp\/v2\/product\/4521\/revisions\/4524"}],"wp:featuredmedia":[{"embeddable":true,"href":"https:\/\/loyalfans.site\/fr\/wp-json\/wp\/v2\/media\/4523"}],"wp:attachment":[{"href":"https:\/\/loyalfans.site\/fr\/wp-json\/wp\/v2\/media?parent=4521"}],"wp:term":[{"taxonomy":"product_brand","embeddable":true,"href":"https:\/\/loyalfans.site\/fr\/wp-json\/wp\/v2\/product_brand?post=4521"},{"taxonomy":"product_cat","embeddable":true,"href":"https:\/\/loyalfans.site\/fr\/wp-json\/wp\/v2\/product_cat?post=4521"},{"taxonomy":"product_tag","embeddable":true,"href":"https:\/\/loyalfans.site\/fr\/wp-json\/wp\/v2\/product_tag?post=4521"}],"curies":[{"name":"wp","href":"https:\/\/api.w.org\/{rel}","templated":true}]}}