{"id":759,"date":"2023-12-04T11:14:13","date_gmt":"2023-12-04T11:14:13","guid":{"rendered":"https:\/\/klbtheme.com\/grogin\/?post_type=product&#038;p=759"},"modified":"2025-11-08T14:33:47","modified_gmt":"2025-11-08T14:33:47","slug":"netajet-hf-4e-1a-2","status":"publish","type":"product","link":"https:\/\/loyalfans.site\/fr\/produit\/netajet-hf-4e-1a-2\/","title":{"rendered":"Netajet HF 4E + 1A"},"content":{"rendered":"<p>Quisque varius diam vel metus mattis, id aliquam diam rhoncus. Proin vitae magna in dui finibus malesuada et at nulla. Les enfants se sont mis \u00e0 rire, ils se sont mis \u00e0 rire, ils se sont mis \u00e0 rire, ils se sont mis \u00e0 rire, ils se sont mis \u00e0 rire, ils se sont mis \u00e0 rire, ils se sont mis \u00e0 rire, ils se sont mis \u00e0 rire. Les r\u00e9sultats de l'analyse des donn\u00e9es ont \u00e9t\u00e9 pr\u00e9sent\u00e9s \u00e0 la Commission europ\u00e9enne et \u00e0 la Cour europ\u00e9enne des droits de l'homme, et les r\u00e9sultats de l'analyse des donn\u00e9es ont \u00e9t\u00e9 pr\u00e9sent\u00e9s \u00e0 la Cour europ\u00e9enne des droits de l'homme. Cras imperdiet est in nunc tristique lacinia. Nullam aliquam mauris eu accumsan tincidunt. Suspendisse velit ex, aliquet vel ornare vel, dignissim a tortor.<\/p>\n<p>Morbi ut sapien vitae odio accumsan gravida. Morbi vitae erat auctor, eleifend nunc a, lobortis neque. Praesent aliquam dignissim viverra. Maecenas lacus odio, feugiat eu nunc sit amet, maximus sagittis dolor. Vivamus nisi sapien, elementum sit amet eros sit amet, ultricies cursus ipsum. Sed consequat luctus ligula. Curabitur laoreet rhoncus blandit. Aenean vel diam ut arcu pharetra dignissim ut sed leo. Vivamus faucibus, ipsum in vestibulum vulputate, lorem orci convallis quam, sit amet consequat nulla felis pharetra lacus. Duis semper erat mauris, sed egestas purus commodo vel.<\/p>","protected":false},"excerpt":{"rendered":"<p>Vivamus adipiscing nisl ut dolor dignissim semper. Nulla luctus malesuada tincidunt. Class aptent taciti sociosqu ad litora torquent Vivamus adipiscing nisl ut dolor dignissim semper.<\/p>","protected":false},"featured_media":3733,"comment_status":"open","ping_status":"closed","template":"","meta":[],"product_brand":[],"product_cat":[360,407],"product_tag":[],"class_list":{"0":"post-759","1":"product","2":"type-product","3":"status-publish","4":"has-post-thumbnail","6":"product_cat-irrigation-water-management","7":"product_cat-pipes-connectors","9":"first","10":"instock","11":"shipping-taxable","12":"purchasable","13":"product-type-simple"},"_links":{"self":[{"href":"https:\/\/loyalfans.site\/fr\/wp-json\/wp\/v2\/product\/759","targetHints":{"allow":["GET"]}}],"collection":[{"href":"https:\/\/loyalfans.site\/fr\/wp-json\/wp\/v2\/product"}],"about":[{"href":"https:\/\/loyalfans.site\/fr\/wp-json\/wp\/v2\/types\/product"}],"replies":[{"embeddable":true,"href":"https:\/\/loyalfans.site\/fr\/wp-json\/wp\/v2\/comments?post=759"}],"version-history":[{"count":2,"href":"https:\/\/loyalfans.site\/fr\/wp-json\/wp\/v2\/product\/759\/revisions"}],"predecessor-version":[{"id":4450,"href":"https:\/\/loyalfans.site\/fr\/wp-json\/wp\/v2\/product\/759\/revisions\/4450"}],"wp:featuredmedia":[{"embeddable":true,"href":"https:\/\/loyalfans.site\/fr\/wp-json\/wp\/v2\/media\/3733"}],"wp:attachment":[{"href":"https:\/\/loyalfans.site\/fr\/wp-json\/wp\/v2\/media?parent=759"}],"wp:term":[{"taxonomy":"product_brand","embeddable":true,"href":"https:\/\/loyalfans.site\/fr\/wp-json\/wp\/v2\/product_brand?post=759"},{"taxonomy":"product_cat","embeddable":true,"href":"https:\/\/loyalfans.site\/fr\/wp-json\/wp\/v2\/product_cat?post=759"},{"taxonomy":"product_tag","embeddable":true,"href":"https:\/\/loyalfans.site\/fr\/wp-json\/wp\/v2\/product_tag?post=759"}],"curies":[{"name":"wp","href":"https:\/\/api.w.org\/{rel}","templated":true}]}}